{"id":6963,"date":"2023-06-02T16:42:11","date_gmt":"2023-06-02T16:42:11","guid":{"rendered":"https:\/\/diversityhotel.com\/product\/espaguetis-a-la-bolonesa\/"},"modified":"2023-06-14T19:58:35","modified_gmt":"2023-06-14T19:58:35","slug":"espaguetis-a-la-bolonesa","status":"publish","type":"product","link":"https:\/\/sosuasunsethotel.com\/fr\/produit\/espaguetis-a-la-bolonesa\/","title":{"rendered":"Espaguetis a la bolo\u00f1esa"},"content":{"rendered":"<p>Delicia de Bolo\u00f1esa: Espaguetis en una sabrosa salsa bolo\u00f1esa con carne picada, hierbas, tomates y queso parmesano. Un reconfortante cl\u00e1sico italiano que te transporta a Italia.<\/p>","protected":false},"excerpt":{"rendered":"<p>Delicia de Bolo\u00f1esa: Espaguetis en una sabrosa salsa bolo\u00f1esa con carne picada, hierbas, tomates y queso parmesano. Un reconfortante cl\u00e1sico italiano que te transporta a Italia.<\/p>","protected":false},"featured_media":0,"comment_status":"open","ping_status":"closed","template":"","meta":[],"product_cat":[225],"product_tag":[241,226],"class_list":{"0":"post-6963","1":"product","2":"type-product","3":"status-publish","5":"product_cat-pasta-es","6":"product_tag-bolognesa-es","7":"product_tag-espaguetis","9":"first","10":"instock","11":"shipping-taxable","12":"purchasable","13":"product-type-simple"},"yoast_head":"<!-- This site is optimized with the Yoast SEO plugin v21.7 - https:\/\/yoast.com\/wordpress\/plugins\/seo\/ -->\n<title>Espaguetis a la bolo\u00f1esa - Sosua Sunset Hotel<\/title>\n<meta name=\"description\" content=\"Delicia de Bolo\u00f1esa: Espaguetis en una sabrosa salsa bolo\u00f1esa con carne picada, hierbas, tomates y queso parmesano.\" \/>\n<meta name=\"robots\" content=\"index, follow, max-snippet:-1, max-image-preview:large, max-video-preview:-1\" \/>\n<link rel=\"canonical\" href=\"https:\/\/sosuasunsethotel.com\/fr\/producto\/espaguetis-a-la-bolonesa\/\" \/>\n<meta property=\"og:locale\" content=\"fr_FR\" \/>\n<meta property=\"og:type\" content=\"article\" \/>\n<meta property=\"og:title\" content=\"Espaguetis a la bolo\u00f1esa - Sosua Sunset Hotel\" \/>\n<meta property=\"og:description\" content=\"Delicia de Bolo\u00f1esa: Espaguetis en una sabrosa salsa bolo\u00f1esa con carne picada, hierbas, tomates y queso parmesano.\" \/>\n<meta property=\"og:url\" content=\"https:\/\/sosuasunsethotel.com\/fr\/producto\/espaguetis-a-la-bolonesa\/\" \/>\n<meta property=\"og:site_name\" content=\"Sosua Sunset Hotel\" \/>\n<meta property=\"article:modified_time\" content=\"2023-06-14T19:58:35+00:00\" \/>\n<meta name=\"twitter:card\" content=\"summary_large_image\" \/>\n<meta name=\"twitter:label1\" content=\"Dur\u00e9e de lecture estim\u00e9e\" \/>\n\t<meta name=\"twitter:data1\" content=\"1 minute\" \/>\n<script type=\"application\/ld+json\" class=\"yoast-schema-graph\">{\"@context\":\"https:\/\/schema.org\",\"@graph\":[{\"@type\":\"WebPage\",\"@id\":\"https:\/\/sosuasunsethotel.com\/es\/producto\/espaguetis-a-la-bolonesa\/\",\"url\":\"https:\/\/sosuasunsethotel.com\/es\/producto\/espaguetis-a-la-bolonesa\/\",\"name\":\"Espaguetis a la bolo\u00f1esa - Sosua Sunset Hotel\",\"isPartOf\":{\"@id\":\"https:\/\/sosuasunsethotel.com\/#website\"},\"datePublished\":\"2023-06-02T16:42:11+00:00\",\"dateModified\":\"2023-06-14T19:58:35+00:00\",\"description\":\"Delicia de Bolo\u00f1esa: Espaguetis en una sabrosa salsa bolo\u00f1esa con carne picada, hierbas, tomates y queso parmesano.\",\"breadcrumb\":{\"@id\":\"https:\/\/sosuasunsethotel.com\/es\/producto\/espaguetis-a-la-bolonesa\/#breadcrumb\"},\"inLanguage\":\"fr-FR\",\"potentialAction\":[{\"@type\":\"ReadAction\",\"target\":[\"https:\/\/sosuasunsethotel.com\/es\/producto\/espaguetis-a-la-bolonesa\/\"]}]},{\"@type\":\"BreadcrumbList\",\"@id\":\"https:\/\/sosuasunsethotel.com\/es\/producto\/espaguetis-a-la-bolonesa\/#breadcrumb\",\"itemListElement\":[{\"@type\":\"ListItem\",\"position\":1,\"name\":\"Home\",\"item\":\"https:\/\/sosuasunsethotel.com\/\"},{\"@type\":\"ListItem\",\"position\":2,\"name\":\"Shop\",\"item\":\"https:\/\/sosuasunsethotel.com\/fr\/?page_id=7303\"},{\"@type\":\"ListItem\",\"position\":3,\"name\":\"Espaguetis a la bolo\u00f1esa\"}]},{\"@type\":\"WebSite\",\"@id\":\"https:\/\/sosuasunsethotel.com\/#website\",\"url\":\"https:\/\/sosuasunsethotel.com\/\",\"name\":\"Sosua Sunset Hotel\",\"description\":\"Relax @ our tropical garden &amp; pool\",\"potentialAction\":[{\"@type\":\"SearchAction\",\"target\":{\"@type\":\"EntryPoint\",\"urlTemplate\":\"https:\/\/sosuasunsethotel.com\/?s={search_term_string}\"},\"query-input\":\"required name=search_term_string\"}],\"inLanguage\":\"fr-FR\"}]}<\/script>\n<!-- \/ Yoast SEO plugin. -->","yoast_head_json":{"title":"Espaguetis a la bolo\u00f1esa - Sosua Sunset Hotel","description":"Delicia de Bolo\u00f1esa: Espaguetis en una sabrosa salsa bolo\u00f1esa con carne picada, hierbas, tomates y queso parmesano.","robots":{"index":"index","follow":"follow","max-snippet":"max-snippet:-1","max-image-preview":"max-image-preview:large","max-video-preview":"max-video-preview:-1"},"canonical":"https:\/\/sosuasunsethotel.com\/fr\/producto\/espaguetis-a-la-bolonesa\/","og_locale":"fr_FR","og_type":"article","og_title":"Espaguetis a la bolo\u00f1esa - Sosua Sunset Hotel","og_description":"Delicia de Bolo\u00f1esa: Espaguetis en una sabrosa salsa bolo\u00f1esa con carne picada, hierbas, tomates y queso parmesano.","og_url":"https:\/\/sosuasunsethotel.com\/fr\/producto\/espaguetis-a-la-bolonesa\/","og_site_name":"Sosua Sunset Hotel","article_modified_time":"2023-06-14T19:58:35+00:00","twitter_card":"summary_large_image","twitter_misc":{"Dur\u00e9e de lecture estim\u00e9e":"1 minute"},"schema":{"@context":"https:\/\/schema.org","@graph":[{"@type":"WebPage","@id":"https:\/\/sosuasunsethotel.com\/es\/producto\/espaguetis-a-la-bolonesa\/","url":"https:\/\/sosuasunsethotel.com\/es\/producto\/espaguetis-a-la-bolonesa\/","name":"Espaguetis a la bolo\u00f1esa - Sosua Sunset Hotel","isPartOf":{"@id":"https:\/\/sosuasunsethotel.com\/#website"},"datePublished":"2023-06-02T16:42:11+00:00","dateModified":"2023-06-14T19:58:35+00:00","description":"Delicia de Bolo\u00f1esa: Espaguetis en una sabrosa salsa bolo\u00f1esa con carne picada, hierbas, tomates y queso parmesano.","breadcrumb":{"@id":"https:\/\/sosuasunsethotel.com\/es\/producto\/espaguetis-a-la-bolonesa\/#breadcrumb"},"inLanguage":"fr-FR","potentialAction":[{"@type":"ReadAction","target":["https:\/\/sosuasunsethotel.com\/es\/producto\/espaguetis-a-la-bolonesa\/"]}]},{"@type":"BreadcrumbList","@id":"https:\/\/sosuasunsethotel.com\/es\/producto\/espaguetis-a-la-bolonesa\/#breadcrumb","itemListElement":[{"@type":"ListItem","position":1,"name":"Home","item":"https:\/\/sosuasunsethotel.com\/"},{"@type":"ListItem","position":2,"name":"Shop","item":"https:\/\/sosuasunsethotel.com\/fr\/?page_id=7303"},{"@type":"ListItem","position":3,"name":"Espaguetis a la bolo\u00f1esa"}]},{"@type":"WebSite","@id":"https:\/\/sosuasunsethotel.com\/#website","url":"https:\/\/sosuasunsethotel.com\/","name":"Sosua Sunset Hotel","description":"Relax @ our tropical garden &amp; pool","potentialAction":[{"@type":"SearchAction","target":{"@type":"EntryPoint","urlTemplate":"https:\/\/sosuasunsethotel.com\/?s={search_term_string}"},"query-input":"required name=search_term_string"}],"inLanguage":"fr-FR"}]}},"_links":{"self":[{"href":"https:\/\/sosuasunsethotel.com\/fr\/wp-json\/wp\/v2\/product\/6963","targetHints":{"allow":["GET"]}}],"collection":[{"href":"https:\/\/sosuasunsethotel.com\/fr\/wp-json\/wp\/v2\/product"}],"about":[{"href":"https:\/\/sosuasunsethotel.com\/fr\/wp-json\/wp\/v2\/types\/product"}],"replies":[{"embeddable":true,"href":"https:\/\/sosuasunsethotel.com\/fr\/wp-json\/wp\/v2\/comments?post=6963"}],"version-history":[{"count":1,"href":"https:\/\/sosuasunsethotel.com\/fr\/wp-json\/wp\/v2\/product\/6963\/revisions"}],"predecessor-version":[{"id":6965,"href":"https:\/\/sosuasunsethotel.com\/fr\/wp-json\/wp\/v2\/product\/6963\/revisions\/6965"}],"wp:attachment":[{"href":"https:\/\/sosuasunsethotel.com\/fr\/wp-json\/wp\/v2\/media?parent=6963"}],"wp:term":[{"taxonomy":"product_cat","embeddable":true,"href":"https:\/\/sosuasunsethotel.com\/fr\/wp-json\/wp\/v2\/product_cat?post=6963"},{"taxonomy":"product_tag","embeddable":true,"href":"https:\/\/sosuasunsethotel.com\/fr\/wp-json\/wp\/v2\/product_tag?post=6963"}],"curies":[{"name":"wp","href":"https:\/\/api.w.org\/{rel}","templated":true}]}}