{"id":6875,"date":"2023-06-01T14:44:15","date_gmt":"2023-06-01T14:44:15","guid":{"rendered":"https:\/\/diversityhotel.com\/product\/desayuno-de-la-diversidad\/"},"modified":"2023-06-14T20:03:55","modified_gmt":"2023-06-14T20:03:55","slug":"diversity-desayuno","status":"publish","type":"product","link":"https:\/\/sosuasunsethotel.com\/fr\/produit\/diversity-desayuno\/","title":{"rendered":"Desayuno diversity"},"content":{"rendered":"<p>Desayuno variado: Caf\u00e9 o t\u00e9, zumo de frutas, huevos, tortitas o chapas, beicon, mantequilla y mermelada. Un comienzo del d\u00eda satisfactorio y variado.<\/p>","protected":false},"excerpt":{"rendered":"<p>Desayuno variado: Caf\u00e9 o t\u00e9, zumo de frutas, huevos, tortitas o chapas, beicon, mantequilla y mermelada. Un comienzo del d\u00eda satisfactorio y variado.<\/p>","protected":false},"featured_media":0,"comment_status":"open","ping_status":"closed","template":"","meta":[],"product_cat":[178],"product_tag":[185],"class_list":{"0":"post-6875","1":"product","2":"type-product","3":"status-publish","5":"product_cat-desayuno","6":"product_tag-desayuno","8":"first","9":"instock","10":"shipping-taxable","11":"purchasable","12":"product-type-simple"},"yoast_head":"<!-- This site is optimized with the Yoast SEO plugin v21.7 - https:\/\/yoast.com\/wordpress\/plugins\/seo\/ -->\n<title>Desayuno diversity - Sosua Sunset Hotel<\/title>\n<meta name=\"description\" content=\"Desayuno variado: Caf\u00e9 o t\u00e9, zumo de frutas, huevos, tortitas o chapas, beicon, mantequilla y mermelada. Un comienzo del d\u00eda satisfactorio y variado.\" \/>\n<meta name=\"robots\" content=\"index, follow, max-snippet:-1, max-image-preview:large, max-video-preview:-1\" \/>\n<link rel=\"canonical\" href=\"https:\/\/sosuasunsethotel.com\/fr\/produit\/diversity-desayuno\/\" \/>\n<meta property=\"og:locale\" content=\"fr_FR\" \/>\n<meta property=\"og:type\" content=\"article\" \/>\n<meta property=\"og:title\" content=\"Desayuno diversity - Sosua Sunset Hotel\" \/>\n<meta property=\"og:description\" content=\"Desayuno variado: Caf\u00e9 o t\u00e9, zumo de frutas, huevos, tortitas o chapas, beicon, mantequilla y mermelada. Un comienzo del d\u00eda satisfactorio y variado.\" \/>\n<meta property=\"og:url\" content=\"https:\/\/sosuasunsethotel.com\/fr\/produit\/diversity-desayuno\/\" \/>\n<meta property=\"og:site_name\" content=\"Sosua Sunset Hotel\" \/>\n<meta property=\"article:modified_time\" content=\"2023-06-14T20:03:55+00:00\" \/>\n<meta name=\"twitter:card\" content=\"summary_large_image\" \/>\n<meta name=\"twitter:label1\" content=\"Dur\u00e9e de lecture estim\u00e9e\" \/>\n\t<meta name=\"twitter:data1\" content=\"1 minute\" \/>\n<script type=\"application\/ld+json\" class=\"yoast-schema-graph\">{\"@context\":\"https:\/\/schema.org\",\"@graph\":[{\"@type\":\"WebPage\",\"@id\":\"https:\/\/sosuasunsethotel.com\/fr\/produit\/diversity-desayuno\/\",\"url\":\"https:\/\/sosuasunsethotel.com\/fr\/produit\/diversity-desayuno\/\",\"name\":\"Desayuno diversity - Sosua Sunset Hotel\",\"isPartOf\":{\"@id\":\"https:\/\/sosuasunsethotel.com\/#website\"},\"datePublished\":\"2023-06-01T14:44:15+00:00\",\"dateModified\":\"2023-06-14T20:03:55+00:00\",\"description\":\"Desayuno variado: Caf\u00e9 o t\u00e9, zumo de frutas, huevos, tortitas o chapas, beicon, mantequilla y mermelada. Un comienzo del d\u00eda satisfactorio y variado.\",\"breadcrumb\":{\"@id\":\"https:\/\/sosuasunsethotel.com\/fr\/produit\/diversity-desayuno\/#breadcrumb\"},\"inLanguage\":\"fr-FR\",\"potentialAction\":[{\"@type\":\"ReadAction\",\"target\":[\"https:\/\/sosuasunsethotel.com\/fr\/produit\/diversity-desayuno\/\"]}]},{\"@type\":\"BreadcrumbList\",\"@id\":\"https:\/\/sosuasunsethotel.com\/fr\/produit\/diversity-desayuno\/#breadcrumb\",\"itemListElement\":[{\"@type\":\"ListItem\",\"position\":1,\"name\":\"Home\",\"item\":\"https:\/\/sosuasunsethotel.com\/\"},{\"@type\":\"ListItem\",\"position\":2,\"name\":\"Shop\",\"item\":\"https:\/\/sosuasunsethotel.com\/fr\/?page_id=7303\"},{\"@type\":\"ListItem\",\"position\":3,\"name\":\"Desayuno diversity\"}]},{\"@type\":\"WebSite\",\"@id\":\"https:\/\/sosuasunsethotel.com\/#website\",\"url\":\"https:\/\/sosuasunsethotel.com\/\",\"name\":\"Sosua Sunset Hotel\",\"description\":\"Relax @ our tropical garden &amp; pool\",\"potentialAction\":[{\"@type\":\"SearchAction\",\"target\":{\"@type\":\"EntryPoint\",\"urlTemplate\":\"https:\/\/sosuasunsethotel.com\/?s={search_term_string}\"},\"query-input\":\"required name=search_term_string\"}],\"inLanguage\":\"fr-FR\"}]}<\/script>\n<!-- \/ Yoast SEO plugin. -->","yoast_head_json":{"title":"Desayuno diversity - Sosua Sunset Hotel","description":"Desayuno variado: Caf\u00e9 o t\u00e9, zumo de frutas, huevos, tortitas o chapas, beicon, mantequilla y mermelada. Un comienzo del d\u00eda satisfactorio y variado.","robots":{"index":"index","follow":"follow","max-snippet":"max-snippet:-1","max-image-preview":"max-image-preview:large","max-video-preview":"max-video-preview:-1"},"canonical":"https:\/\/sosuasunsethotel.com\/fr\/produit\/diversity-desayuno\/","og_locale":"fr_FR","og_type":"article","og_title":"Desayuno diversity - Sosua Sunset Hotel","og_description":"Desayuno variado: Caf\u00e9 o t\u00e9, zumo de frutas, huevos, tortitas o chapas, beicon, mantequilla y mermelada. Un comienzo del d\u00eda satisfactorio y variado.","og_url":"https:\/\/sosuasunsethotel.com\/fr\/produit\/diversity-desayuno\/","og_site_name":"Sosua Sunset Hotel","article_modified_time":"2023-06-14T20:03:55+00:00","twitter_card":"summary_large_image","twitter_misc":{"Dur\u00e9e de lecture estim\u00e9e":"1 minute"},"schema":{"@context":"https:\/\/schema.org","@graph":[{"@type":"WebPage","@id":"https:\/\/sosuasunsethotel.com\/fr\/produit\/diversity-desayuno\/","url":"https:\/\/sosuasunsethotel.com\/fr\/produit\/diversity-desayuno\/","name":"Desayuno diversity - Sosua Sunset Hotel","isPartOf":{"@id":"https:\/\/sosuasunsethotel.com\/#website"},"datePublished":"2023-06-01T14:44:15+00:00","dateModified":"2023-06-14T20:03:55+00:00","description":"Desayuno variado: Caf\u00e9 o t\u00e9, zumo de frutas, huevos, tortitas o chapas, beicon, mantequilla y mermelada. Un comienzo del d\u00eda satisfactorio y variado.","breadcrumb":{"@id":"https:\/\/sosuasunsethotel.com\/fr\/produit\/diversity-desayuno\/#breadcrumb"},"inLanguage":"fr-FR","potentialAction":[{"@type":"ReadAction","target":["https:\/\/sosuasunsethotel.com\/fr\/produit\/diversity-desayuno\/"]}]},{"@type":"BreadcrumbList","@id":"https:\/\/sosuasunsethotel.com\/fr\/produit\/diversity-desayuno\/#breadcrumb","itemListElement":[{"@type":"ListItem","position":1,"name":"Home","item":"https:\/\/sosuasunsethotel.com\/"},{"@type":"ListItem","position":2,"name":"Shop","item":"https:\/\/sosuasunsethotel.com\/fr\/?page_id=7303"},{"@type":"ListItem","position":3,"name":"Desayuno diversity"}]},{"@type":"WebSite","@id":"https:\/\/sosuasunsethotel.com\/#website","url":"https:\/\/sosuasunsethotel.com\/","name":"Sosua Sunset Hotel","description":"Relax @ our tropical garden &amp; pool","potentialAction":[{"@type":"SearchAction","target":{"@type":"EntryPoint","urlTemplate":"https:\/\/sosuasunsethotel.com\/?s={search_term_string}"},"query-input":"required name=search_term_string"}],"inLanguage":"fr-FR"}]}},"_links":{"self":[{"href":"https:\/\/sosuasunsethotel.com\/fr\/wp-json\/wp\/v2\/product\/6875","targetHints":{"allow":["GET"]}}],"collection":[{"href":"https:\/\/sosuasunsethotel.com\/fr\/wp-json\/wp\/v2\/product"}],"about":[{"href":"https:\/\/sosuasunsethotel.com\/fr\/wp-json\/wp\/v2\/types\/product"}],"replies":[{"embeddable":true,"href":"https:\/\/sosuasunsethotel.com\/fr\/wp-json\/wp\/v2\/comments?post=6875"}],"version-history":[{"count":2,"href":"https:\/\/sosuasunsethotel.com\/fr\/wp-json\/wp\/v2\/product\/6875\/revisions"}],"predecessor-version":[{"id":6990,"href":"https:\/\/sosuasunsethotel.com\/fr\/wp-json\/wp\/v2\/product\/6875\/revisions\/6990"}],"wp:attachment":[{"href":"https:\/\/sosuasunsethotel.com\/fr\/wp-json\/wp\/v2\/media?parent=6875"}],"wp:term":[{"taxonomy":"product_cat","embeddable":true,"href":"https:\/\/sosuasunsethotel.com\/fr\/wp-json\/wp\/v2\/product_cat?post=6875"},{"taxonomy":"product_tag","embeddable":true,"href":"https:\/\/sosuasunsethotel.com\/fr\/wp-json\/wp\/v2\/product_tag?post=6875"}],"curies":[{"name":"wp","href":"https:\/\/api.w.org\/{rel}","templated":true}]}}