{"id":2347,"date":"2020-03-31T07:41:11","date_gmt":"2020-03-31T07:41:11","guid":{"rendered":"https:\/\/alloggio.qodeinteractive.com\/?page_id=2347"},"modified":"2023-09-28T15:06:51","modified_gmt":"2023-09-28T15:06:51","slug":"about-us","status":"publish","type":"page","link":"https:\/\/sosuasunsethotel.com\/fr\/about-us\/","title":{"rendered":"\u00c0 propos de nous"},"content":{"rendered":"<div data-elementor-type=\"wp-page\" data-elementor-id=\"2347\" class=\"elementor elementor-2347\" data-elementor-post-type=\"page\">\n\t\t\t\t\t\t\t\t\t<section class=\"elementor-section elementor-top-section elementor-element elementor-element-55bc024 elementor-section-full_width qodef-elementor-content-grid elementor-section-height-default elementor-section-height-default\" data-id=\"55bc024\" data-element_type=\"section\">\n\t\t\t\t\t\t<div class=\"elementor-container elementor-column-gap-no\">\n\t\t\t\t\t<div class=\"elementor-column elementor-col-100 elementor-top-column elementor-element elementor-element-5abf0b6\" data-id=\"5abf0b6\" data-element_type=\"column\">\n\t\t\t<div class=\"elementor-widget-wrap elementor-element-populated\">\n\t\t\t\t\t\t\t\t<div class=\"elementor-element elementor-element-1522463 elementor-widget elementor-widget-alloggio_core_section_title\" data-id=\"1522463\" data-element_type=\"widget\" data-widget_type=\"alloggio_core_section_title.default\">\n\t\t\t\t<div class=\"elementor-widget-container\">\n\t\t\t<div class=\"qodef-shortcode qodef-m  qodef-section-title qodef-alignment--center\">\n\t\t<h2 class=\"qodef-m-title\" >\n\t\t\t\t\tDepuis 2022\t\t\t<\/h2>\n\t\t<span class=\"qodef-m-text\" style=\"margin-top: 25px\">Le Sosua Sunrise Hotel a subi une transformation importante en 2022 lorsqu'il a \u00e9t\u00e9 acquis par un homme d'affaires canadien prosp\u00e8re ayant une vision d'am\u00e9lioration. Sous une nouvelle propri\u00e9t\u00e9 et une nouvelle direction, l'h\u00f4tel a entam\u00e9 des r\u00e9novations et un changement de marque efficaces, dans le but de s'imposer comme une destination remarquable \u00e0 Sosua.\n\nFort d'une exp\u00e9rience dans l'industrie de la gastronomie, le nouveau propri\u00e9taire apporte une perspective unique et un engagement \u00e0 offrir une hospitalit\u00e9 exceptionnelle. Son d\u00e9vouement \u00e0 cr\u00e9er une atmosph\u00e8re accueillante aide le Sosua Sunrise Hotel \u00e0 gagner en reconnaissance sur la sc\u00e8ne h\u00f4teli\u00e8re de Sosua.\n\nAu Sosua Sunrise Hotel, notre objectif est d'offrir \u00e0 nos clients une exp\u00e9rience m\u00e9morable en leur proposant un h\u00e9bergement confortable et une touche de finesse culinaire. Alors que nous continuons \u00e0 affiner nos services, nous vous invitons \u00e0 faire partie de l'exp\u00e9rience \u00e9volutive du Sosua Sunrise Hotel.<\/span>\n<\/div>\t\t<\/div>\n\t\t\t\t<\/div>\n\t\t\t\t\t<\/div>\n\t\t<\/div>\n\t\t\t\t\t\t\t<\/div>\n\t\t<\/section>\n\t\t\t\t\t\t\t<\/div>","protected":false},"excerpt":{"rendered":"<p>Since 2022 Sosua Sunrise Hotel underwent a significant transformation in 2022 when it was acquired by a successful Canadian businessman with a vision for improvement. Under new ownership and management, the hotel began efficient renovations and rebranding, aiming to establish itself as a noteworthy destination in Sosua. With a background in the gastronomy industry, the [&hellip;]<\/p>","protected":false},"author":1,"featured_media":0,"parent":0,"menu_order":0,"comment_status":"closed","ping_status":"closed","template":"page-full-width.php","meta":{"footnotes":""},"class_list":["post-2347","page","type-page","status-publish","hentry"],"yoast_head":"<!-- This site is optimized with the Yoast SEO plugin v21.7 - https:\/\/yoast.com\/wordpress\/plugins\/seo\/ -->\n<title>About Us - Sosua Sunset Hotel<\/title>\n<meta name=\"description\" content=\"Sosua Sunrise Hotel underwent a significant transformation in 2022 when it was acquired by a successful Canadian businessman.\" \/>\n<meta name=\"robots\" content=\"index, follow, max-snippet:-1, max-image-preview:large, max-video-preview:-1\" \/>\n<link rel=\"canonical\" href=\"https:\/\/sosuasunsethotel.com\/fr\/about-us\/\" \/>\n<meta property=\"og:locale\" content=\"fr_FR\" \/>\n<meta property=\"og:type\" content=\"article\" \/>\n<meta property=\"og:title\" content=\"About Us - Sosua Sunset Hotel\" \/>\n<meta property=\"og:description\" content=\"Sosua Sunrise Hotel underwent a significant transformation in 2022 when it was acquired by a successful Canadian businessman.\" \/>\n<meta property=\"og:url\" content=\"https:\/\/sosuasunsethotel.com\/fr\/about-us\/\" \/>\n<meta property=\"og:site_name\" content=\"Sosua Sunset Hotel\" \/>\n<meta property=\"article:modified_time\" content=\"2023-09-28T15:06:51+00:00\" \/>\n<meta name=\"twitter:card\" content=\"summary_large_image\" \/>\n<meta name=\"twitter:label1\" content=\"Dur\u00e9e de lecture estim\u00e9e\" \/>\n\t<meta name=\"twitter:data1\" content=\"1 minute\" \/>\n<script type=\"application\/ld+json\" class=\"yoast-schema-graph\">{\"@context\":\"https:\/\/schema.org\",\"@graph\":[{\"@type\":\"WebPage\",\"@id\":\"https:\/\/sosuasunsethotel.com\/about-us\/\",\"url\":\"https:\/\/sosuasunsethotel.com\/about-us\/\",\"name\":\"About Us - Sosua Sunset Hotel\",\"isPartOf\":{\"@id\":\"https:\/\/sosuasunsethotel.com\/#website\"},\"datePublished\":\"2020-03-31T07:41:11+00:00\",\"dateModified\":\"2023-09-28T15:06:51+00:00\",\"description\":\"Sosua Sunrise Hotel underwent a significant transformation in 2022 when it was acquired by a successful Canadian businessman.\",\"breadcrumb\":{\"@id\":\"https:\/\/sosuasunsethotel.com\/about-us\/#breadcrumb\"},\"inLanguage\":\"fr-FR\",\"potentialAction\":[{\"@type\":\"ReadAction\",\"target\":[\"https:\/\/sosuasunsethotel.com\/about-us\/\"]}]},{\"@type\":\"BreadcrumbList\",\"@id\":\"https:\/\/sosuasunsethotel.com\/about-us\/#breadcrumb\",\"itemListElement\":[{\"@type\":\"ListItem\",\"position\":1,\"name\":\"Home\",\"item\":\"https:\/\/sosuasunsethotel.com\/\"},{\"@type\":\"ListItem\",\"position\":2,\"name\":\"About Us\"}]},{\"@type\":\"WebSite\",\"@id\":\"https:\/\/sosuasunsethotel.com\/#website\",\"url\":\"https:\/\/sosuasunsethotel.com\/\",\"name\":\"Sosua Sunset Hotel\",\"description\":\"Relax @ our tropical garden &amp; pool\",\"potentialAction\":[{\"@type\":\"SearchAction\",\"target\":{\"@type\":\"EntryPoint\",\"urlTemplate\":\"https:\/\/sosuasunsethotel.com\/?s={search_term_string}\"},\"query-input\":\"required name=search_term_string\"}],\"inLanguage\":\"fr-FR\"}]}<\/script>\n<!-- \/ Yoast SEO plugin. -->","yoast_head_json":{"title":"About Us - Sosua Sunset Hotel","description":"Sosua Sunrise Hotel underwent a significant transformation in 2022 when it was acquired by a successful Canadian businessman.","robots":{"index":"index","follow":"follow","max-snippet":"max-snippet:-1","max-image-preview":"max-image-preview:large","max-video-preview":"max-video-preview:-1"},"canonical":"https:\/\/sosuasunsethotel.com\/fr\/about-us\/","og_locale":"fr_FR","og_type":"article","og_title":"About Us - Sosua Sunset Hotel","og_description":"Sosua Sunrise Hotel underwent a significant transformation in 2022 when it was acquired by a successful Canadian businessman.","og_url":"https:\/\/sosuasunsethotel.com\/fr\/about-us\/","og_site_name":"Sosua Sunset Hotel","article_modified_time":"2023-09-28T15:06:51+00:00","twitter_card":"summary_large_image","twitter_misc":{"Dur\u00e9e de lecture estim\u00e9e":"1 minute"},"schema":{"@context":"https:\/\/schema.org","@graph":[{"@type":"WebPage","@id":"https:\/\/sosuasunsethotel.com\/about-us\/","url":"https:\/\/sosuasunsethotel.com\/about-us\/","name":"About Us - Sosua Sunset Hotel","isPartOf":{"@id":"https:\/\/sosuasunsethotel.com\/#website"},"datePublished":"2020-03-31T07:41:11+00:00","dateModified":"2023-09-28T15:06:51+00:00","description":"Sosua Sunrise Hotel underwent a significant transformation in 2022 when it was acquired by a successful Canadian businessman.","breadcrumb":{"@id":"https:\/\/sosuasunsethotel.com\/about-us\/#breadcrumb"},"inLanguage":"fr-FR","potentialAction":[{"@type":"ReadAction","target":["https:\/\/sosuasunsethotel.com\/about-us\/"]}]},{"@type":"BreadcrumbList","@id":"https:\/\/sosuasunsethotel.com\/about-us\/#breadcrumb","itemListElement":[{"@type":"ListItem","position":1,"name":"Home","item":"https:\/\/sosuasunsethotel.com\/"},{"@type":"ListItem","position":2,"name":"About Us"}]},{"@type":"WebSite","@id":"https:\/\/sosuasunsethotel.com\/#website","url":"https:\/\/sosuasunsethotel.com\/","name":"Sosua Sunset Hotel","description":"Relax @ our tropical garden &amp; pool","potentialAction":[{"@type":"SearchAction","target":{"@type":"EntryPoint","urlTemplate":"https:\/\/sosuasunsethotel.com\/?s={search_term_string}"},"query-input":"required name=search_term_string"}],"inLanguage":"fr-FR"}]}},"_links":{"self":[{"href":"https:\/\/sosuasunsethotel.com\/fr\/wp-json\/wp\/v2\/pages\/2347","targetHints":{"allow":["GET"]}}],"collection":[{"href":"https:\/\/sosuasunsethotel.com\/fr\/wp-json\/wp\/v2\/pages"}],"about":[{"href":"https:\/\/sosuasunsethotel.com\/fr\/wp-json\/wp\/v2\/types\/page"}],"author":[{"embeddable":true,"href":"https:\/\/sosuasunsethotel.com\/fr\/wp-json\/wp\/v2\/users\/1"}],"replies":[{"embeddable":true,"href":"https:\/\/sosuasunsethotel.com\/fr\/wp-json\/wp\/v2\/comments?post=2347"}],"version-history":[{"count":81,"href":"https:\/\/sosuasunsethotel.com\/fr\/wp-json\/wp\/v2\/pages\/2347\/revisions"}],"predecessor-version":[{"id":8381,"href":"https:\/\/sosuasunsethotel.com\/fr\/wp-json\/wp\/v2\/pages\/2347\/revisions\/8381"}],"wp:attachment":[{"href":"https:\/\/sosuasunsethotel.com\/fr\/wp-json\/wp\/v2\/media?parent=2347"}],"curies":[{"name":"wp","href":"https:\/\/api.w.org\/{rel}","templated":true}]}}