{"id":6932,"date":"2023-06-01T14:32:31","date_gmt":"2023-06-01T14:32:31","guid":{"rendered":"https:\/\/diversityhotel.com\/product\/desayuno-americano\/"},"modified":"2023-06-04T14:38:00","modified_gmt":"2023-06-04T14:38:00","slug":"desayuno-americano","status":"publish","type":"product","link":"https:\/\/sosuasunsethotel.com\/es\/producto\/desayuno-americano\/","title":{"rendered":"Desayuno americano"},"content":{"rendered":"<p>Desayuno americano cl\u00e1sico: Elija huevos revueltos o fritos, caf\u00e9 o t\u00e9, zumo de frutas, pan caliente con mantequilla y mermelada. Un delicioso y energizante comienzo del d\u00eda.<\/p>","protected":false},"excerpt":{"rendered":"<p>Desayuno americano cl\u00e1sico: Elija huevos revueltos o fritos, caf\u00e9 o t\u00e9, zumo de frutas, pan caliente con mantequilla y mermelada. Un delicioso y energizante comienzo del d\u00eda.<\/p>","protected":false},"featured_media":0,"comment_status":"open","ping_status":"closed","template":"","meta":[],"product_cat":[178],"product_tag":[185],"class_list":{"0":"post-6932","1":"product","2":"type-product","3":"status-publish","5":"product_cat-desayuno","6":"product_tag-desayuno","8":"first","9":"instock","10":"shipping-taxable","11":"purchasable","12":"product-type-simple"},"yoast_head":"<!-- This site is optimized with the Yoast SEO plugin v21.7 - https:\/\/yoast.com\/wordpress\/plugins\/seo\/ -->\n<title>Desayuno americano - Sosua Sunset Hotel<\/title>\n<meta name=\"description\" content=\"Desayuno americano cl\u00e1sico: Elija huevos revueltos o fritos, caf\u00e9 o t\u00e9, zumo de frutas, pan caliente con mantequilla y mermelada.\" \/>\n<meta name=\"robots\" content=\"index, follow, max-snippet:-1, max-image-preview:large, max-video-preview:-1\" \/>\n<link rel=\"canonical\" href=\"https:\/\/sosuasunsethotel.com\/es\/produit\/desayuno-americano\/\" \/>\n<meta property=\"og:locale\" content=\"es_ES\" \/>\n<meta property=\"og:type\" content=\"article\" \/>\n<meta property=\"og:title\" content=\"Desayuno americano - Sosua Sunset Hotel\" \/>\n<meta property=\"og:description\" content=\"Desayuno americano cl\u00e1sico: Elija huevos revueltos o fritos, caf\u00e9 o t\u00e9, zumo de frutas, pan caliente con mantequilla y mermelada.\" \/>\n<meta property=\"og:url\" content=\"https:\/\/sosuasunsethotel.com\/es\/produit\/desayuno-americano\/\" \/>\n<meta property=\"og:site_name\" content=\"Sosua Sunset Hotel\" \/>\n<meta property=\"article:modified_time\" content=\"2023-06-04T14:38:00+00:00\" \/>\n<meta name=\"twitter:card\" content=\"summary_large_image\" \/>\n<script type=\"application\/ld+json\" class=\"yoast-schema-graph\">{\"@context\":\"https:\/\/schema.org\",\"@graph\":[{\"@type\":\"WebPage\",\"@id\":\"https:\/\/sosuasunsethotel.com\/fr\/produit\/desayuno-americano\/\",\"url\":\"https:\/\/sosuasunsethotel.com\/fr\/produit\/desayuno-americano\/\",\"name\":\"Desayuno americano - Sosua Sunset Hotel\",\"isPartOf\":{\"@id\":\"https:\/\/sosuasunsethotel.com\/#website\"},\"datePublished\":\"2023-06-01T14:32:31+00:00\",\"dateModified\":\"2023-06-04T14:38:00+00:00\",\"description\":\"Desayuno americano cl\u00e1sico: Elija huevos revueltos o fritos, caf\u00e9 o t\u00e9, zumo de frutas, pan caliente con mantequilla y mermelada.\",\"breadcrumb\":{\"@id\":\"https:\/\/sosuasunsethotel.com\/fr\/produit\/desayuno-americano\/#breadcrumb\"},\"inLanguage\":\"es\",\"potentialAction\":[{\"@type\":\"ReadAction\",\"target\":[\"https:\/\/sosuasunsethotel.com\/fr\/produit\/desayuno-americano\/\"]}]},{\"@type\":\"BreadcrumbList\",\"@id\":\"https:\/\/sosuasunsethotel.com\/fr\/produit\/desayuno-americano\/#breadcrumb\",\"itemListElement\":[{\"@type\":\"ListItem\",\"position\":1,\"name\":\"Home\",\"item\":\"https:\/\/sosuasunsethotel.com\/\"},{\"@type\":\"ListItem\",\"position\":2,\"name\":\"Shop\",\"item\":\"https:\/\/sosuasunsethotel.com\/fr\/?page_id=7303\"},{\"@type\":\"ListItem\",\"position\":3,\"name\":\"Desayuno americano\"}]},{\"@type\":\"WebSite\",\"@id\":\"https:\/\/sosuasunsethotel.com\/#website\",\"url\":\"https:\/\/sosuasunsethotel.com\/\",\"name\":\"Sosua Sunset Hotel\",\"description\":\"Relax @ our tropical garden &amp; pool\",\"potentialAction\":[{\"@type\":\"SearchAction\",\"target\":{\"@type\":\"EntryPoint\",\"urlTemplate\":\"https:\/\/sosuasunsethotel.com\/?s={search_term_string}\"},\"query-input\":\"required name=search_term_string\"}],\"inLanguage\":\"es\"}]}<\/script>\n<!-- \/ Yoast SEO plugin. -->","yoast_head_json":{"title":"Desayuno americano - Sosua Sunset Hotel","description":"Desayuno americano cl\u00e1sico: Elija huevos revueltos o fritos, caf\u00e9 o t\u00e9, zumo de frutas, pan caliente con mantequilla y mermelada.","robots":{"index":"index","follow":"follow","max-snippet":"max-snippet:-1","max-image-preview":"max-image-preview:large","max-video-preview":"max-video-preview:-1"},"canonical":"https:\/\/sosuasunsethotel.com\/es\/produit\/desayuno-americano\/","og_locale":"es_ES","og_type":"article","og_title":"Desayuno americano - Sosua Sunset Hotel","og_description":"Desayuno americano cl\u00e1sico: Elija huevos revueltos o fritos, caf\u00e9 o t\u00e9, zumo de frutas, pan caliente con mantequilla y mermelada.","og_url":"https:\/\/sosuasunsethotel.com\/es\/produit\/desayuno-americano\/","og_site_name":"Sosua Sunset Hotel","article_modified_time":"2023-06-04T14:38:00+00:00","twitter_card":"summary_large_image","schema":{"@context":"https:\/\/schema.org","@graph":[{"@type":"WebPage","@id":"https:\/\/sosuasunsethotel.com\/fr\/produit\/desayuno-americano\/","url":"https:\/\/sosuasunsethotel.com\/fr\/produit\/desayuno-americano\/","name":"Desayuno americano - Sosua Sunset Hotel","isPartOf":{"@id":"https:\/\/sosuasunsethotel.com\/#website"},"datePublished":"2023-06-01T14:32:31+00:00","dateModified":"2023-06-04T14:38:00+00:00","description":"Desayuno americano cl\u00e1sico: Elija huevos revueltos o fritos, caf\u00e9 o t\u00e9, zumo de frutas, pan caliente con mantequilla y mermelada.","breadcrumb":{"@id":"https:\/\/sosuasunsethotel.com\/fr\/produit\/desayuno-americano\/#breadcrumb"},"inLanguage":"es","potentialAction":[{"@type":"ReadAction","target":["https:\/\/sosuasunsethotel.com\/fr\/produit\/desayuno-americano\/"]}]},{"@type":"BreadcrumbList","@id":"https:\/\/sosuasunsethotel.com\/fr\/produit\/desayuno-americano\/#breadcrumb","itemListElement":[{"@type":"ListItem","position":1,"name":"Home","item":"https:\/\/sosuasunsethotel.com\/"},{"@type":"ListItem","position":2,"name":"Shop","item":"https:\/\/sosuasunsethotel.com\/fr\/?page_id=7303"},{"@type":"ListItem","position":3,"name":"Desayuno americano"}]},{"@type":"WebSite","@id":"https:\/\/sosuasunsethotel.com\/#website","url":"https:\/\/sosuasunsethotel.com\/","name":"Sosua Sunset Hotel","description":"Relax @ our tropical garden &amp; pool","potentialAction":[{"@type":"SearchAction","target":{"@type":"EntryPoint","urlTemplate":"https:\/\/sosuasunsethotel.com\/?s={search_term_string}"},"query-input":"required name=search_term_string"}],"inLanguage":"es"}]}},"_links":{"self":[{"href":"https:\/\/sosuasunsethotel.com\/es\/wp-json\/wp\/v2\/product\/6932","targetHints":{"allow":["GET"]}}],"collection":[{"href":"https:\/\/sosuasunsethotel.com\/es\/wp-json\/wp\/v2\/product"}],"about":[{"href":"https:\/\/sosuasunsethotel.com\/es\/wp-json\/wp\/v2\/types\/product"}],"replies":[{"embeddable":true,"href":"https:\/\/sosuasunsethotel.com\/es\/wp-json\/wp\/v2\/comments?post=6932"}],"version-history":[{"count":1,"href":"https:\/\/sosuasunsethotel.com\/es\/wp-json\/wp\/v2\/product\/6932\/revisions"}],"predecessor-version":[{"id":6947,"href":"https:\/\/sosuasunsethotel.com\/es\/wp-json\/wp\/v2\/product\/6932\/revisions\/6947"}],"wp:attachment":[{"href":"https:\/\/sosuasunsethotel.com\/es\/wp-json\/wp\/v2\/media?parent=6932"}],"wp:term":[{"taxonomy":"product_cat","embeddable":true,"href":"https:\/\/sosuasunsethotel.com\/es\/wp-json\/wp\/v2\/product_cat?post=6932"},{"taxonomy":"product_tag","embeddable":true,"href":"https:\/\/sosuasunsethotel.com\/es\/wp-json\/wp\/v2\/product_tag?post=6932"}],"curies":[{"name":"wp","href":"https:\/\/api.w.org\/{rel}","templated":true}]}}