{"id":2668,"date":"2020-04-01T08:40:15","date_gmt":"2020-04-01T08:40:15","guid":{"rendered":"https:\/\/alloggio.qodeinteractive.com\/?page_id=2668"},"modified":"2023-09-28T15:05:43","modified_gmt":"2023-09-28T15:05:43","slug":"promotions-offers","status":"publish","type":"page","link":"https:\/\/sosuasunsethotel.com\/es\/promotions-offers\/","title":{"rendered":"Promociones y ofertas"},"content":{"rendered":"<div data-elementor-type=\"wp-page\" data-elementor-id=\"2668\" class=\"elementor elementor-2668\" data-elementor-post-type=\"page\">\n\t\t\t\t\t\t\t\t\t<section class=\"elementor-section elementor-top-section elementor-element elementor-element-3ffcb35 elementor-section-full_width qodef-elementor-content-grid elementor-section-height-default elementor-section-height-default\" data-id=\"3ffcb35\" data-element_type=\"section\">\n\t\t\t\t\t\t<div class=\"elementor-container elementor-column-gap-no\">\n\t\t\t\t\t<div class=\"elementor-column elementor-col-100 elementor-top-column elementor-element elementor-element-935c5ec\" data-id=\"935c5ec\" data-element_type=\"column\">\n\t\t\t<div class=\"elementor-widget-wrap elementor-element-populated\">\n\t\t\t\t\t\t\t\t<div class=\"elementor-element elementor-element-4c7511c elementor-widget elementor-widget-alloggio_core_section_title\" data-id=\"4c7511c\" data-element_type=\"widget\" data-widget_type=\"alloggio_core_section_title.default\">\n\t\t\t\t<div class=\"elementor-widget-container\">\n\t\t\t<div class=\"qodef-shortcode qodef-m  qodef-section-title qodef-alignment--center\">\n\t\t<h2 class=\"qodef-m-title\" >\n\t\t\t\t\tPromoci\u00f3n y ofertas\t\t\t<\/h2>\n\t\t<span class=\"qodef-m-text\" >Disfrute de promociones exclusivas y ofertas especiales en nuestro hotel en Sosua, donde podr\u00e1 disfrutar de un alojamiento de lujo, un servicio personalizado y experiencias inolvidables a precios inmejorables.<\/span>\n<\/div>\t\t<\/div>\n\t\t\t\t<\/div>\n\t\t\t\t\t<\/div>\n\t\t<\/div>\n\t\t\t\t\t\t\t<\/div>\n\t\t<\/section>\n\t\t\t\t<section class=\"elementor-section elementor-top-section elementor-element elementor-element-48ebb83 elementor-section-full_width qodef-elementor-content-grid elementor-section-height-default elementor-section-height-default\" data-id=\"48ebb83\" data-element_type=\"section\">\n\t\t\t\t\t\t<div class=\"elementor-container elementor-column-gap-no\">\n\t\t\t\t\t<div class=\"elementor-column elementor-col-33 elementor-top-column elementor-element elementor-element-9a35209\" data-id=\"9a35209\" data-element_type=\"column\">\n\t\t\t<div class=\"elementor-widget-wrap elementor-element-populated\">\n\t\t\t\t\t\t\t\t<div class=\"elementor-element elementor-element-f9965ad elementor-widget elementor-widget-alloggio_core_pricing_table\" data-id=\"f9965ad\" data-element_type=\"widget\" data-widget_type=\"alloggio_core_pricing_table.default\">\n\t\t\t\t<div class=\"elementor-widget-container\">\n\t\t\t<div class=\"qodef-shortcode qodef-m  qodef-pricing-table qodef-layout--standard qodef-status--regular\" >\n\t<div class=\"qodef-m-inner\">\n\t\t\t<div class=\"qodef-m-title\">\n\t\t<p >Temporada baja<\/p>\n\t<\/div>\n\t\t\t<div class=\"qodef-m-price\">\n\t\t<div class=\"qodef-m-price-wrapper\" >\n\t\t\t<span class=\"qodef-m-price-value\">15% <\/span>\n\t\t\t\t\t\t\t<span class=\"qodef-m-price-currency\" >Descuento<\/span>\n\t\t\t\t\t<\/div>\n\t<\/div>\n\t\t\t<div class=\"qodef-m-content\"><p>- Estancia m\u00ednima 4 noches.<br \/>-Cancelaci\u00f3n gratuita (48h)<\/p><\/div>\n\t\t\t<div class=\"qodef-m-button clear\">\n\t\t<a class=\"qodef-shortcode qodef-m  qodef-button qodef-layout--outlined  qodef-html--link\" href=\"mailto:reservaciones@diversityhotel.com\" target=\"_self\"  style=\"margin: 53px 0 0 0\">\t<span class=\"qodef-m-text\">Llame o env\u00ede un correo electr\u00f3nico<\/span>\t<span class=\"qodef-m-background-holder\" ><\/span><\/a>\t<\/div>\n\t<\/div>\n<\/div>\t\t<\/div>\n\t\t\t\t<\/div>\n\t\t\t\t\t<\/div>\n\t\t<\/div>\n\t\t\t\t<div class=\"elementor-column elementor-col-33 elementor-top-column elementor-element elementor-element-431bb12\" data-id=\"431bb12\" data-element_type=\"column\">\n\t\t\t<div class=\"elementor-widget-wrap elementor-element-populated\">\n\t\t\t\t\t\t\t\t<div class=\"elementor-element elementor-element-b9620ed elementor-widget elementor-widget-alloggio_core_pricing_table\" data-id=\"b9620ed\" data-element_type=\"widget\" data-widget_type=\"alloggio_core_pricing_table.default\">\n\t\t\t\t<div class=\"elementor-widget-container\">\n\t\t\t<div class=\"qodef-shortcode qodef-m  qodef-pricing-table qodef-layout--standard qodef-status--featured\" >\n\t<div class=\"qodef-m-inner\">\n\t\t\t<div class=\"qodef-m-title\">\n\t\t<p >Descuento de alquiler a largo plazo<\/p>\n\t<\/div>\n\t\t\t\t\t<div class=\"qodef-m-content\"><p>\u00a1Desbloquee ahorros sustanciales con nuestros descuentos en alquileres a largo plazo! Disfrute de la conveniencia y el confort de una estad\u00eda prolongada mientras disfruta de tarifas significativamente reducidas. Asegure hoy su hogar lejos del hogar a un precio inmejorable<\/p><\/div>\n\t\t\t<div class=\"qodef-m-button clear\">\n\t\t<a class=\"qodef-shortcode qodef-m  qodef-button qodef-layout--filled  qodef-html--link\" href=\"mailto:reservaciones@diversityhotel.com\" target=\"_self\"  style=\"margin: 53px 0 0 0\">\t<span class=\"qodef-m-text\">Llame o env\u00ede un correo electr\u00f3nico<\/span>\t<span class=\"qodef-m-background-holder\" ><\/span><\/a>\t<\/div>\n\t<\/div>\n<\/div>\t\t<\/div>\n\t\t\t\t<\/div>\n\t\t\t\t\t<\/div>\n\t\t<\/div>\n\t\t\t\t<div class=\"elementor-column elementor-col-33 elementor-top-column elementor-element elementor-element-b6f6bcd\" data-id=\"b6f6bcd\" data-element_type=\"column\">\n\t\t\t<div class=\"elementor-widget-wrap elementor-element-populated\">\n\t\t\t\t\t\t\t\t<div class=\"elementor-element elementor-element-948cb7c elementor-widget elementor-widget-alloggio_core_pricing_table\" data-id=\"948cb7c\" data-element_type=\"widget\" data-widget_type=\"alloggio_core_pricing_table.default\">\n\t\t\t\t<div class=\"elementor-widget-container\">\n\t\t\t<div class=\"qodef-shortcode qodef-m  qodef-pricing-table qodef-layout--standard qodef-status--regular\" >\n\t<div class=\"qodef-m-inner\">\n\t\t\t<div class=\"qodef-m-title\">\n\t\t<p >Pase de un d\u00eda Piscina<\/p>\n\t<\/div>\n\t\t\t<div class=\"qodef-m-price\">\n\t\t<div class=\"qodef-m-price-wrapper\" >\n\t\t\t<span class=\"qodef-m-price-value\">500<\/span>\n\t\t\t\t\t\t\t<span class=\"qodef-m-price-currency\" >DOP<\/span>\n\t\t\t\t\t<\/div>\n\t<\/div>\n\t\t\t<div class=\"qodef-m-content\"><p>Experimente un d\u00eda de m\u00e1xima relajaci\u00f3n con nuestra oferta One Day Pass en nuestro hotel en Sosua. Sum\u00e9rgete en nuestra refrescante piscina, rel\u00e1jate en nuestros jardines tropicales para dos y crea un d\u00eda perfecto de tranquilidad y placer en un entorno pintoresco.<\/p><ul><li>Entrada piscina<\/li><li>2 personas<\/li><li>\u00a1Ninguna bebida del exterior!<\/li><\/ul><\/div>\n\t\t\t<div class=\"qodef-m-button clear\">\n\t\t<a class=\"qodef-shortcode qodef-m  qodef-button qodef-layout--outlined  qodef-html--link\" href=\"mailto:reservaciones@diversityhotel.com\" target=\"_self\"  style=\"margin: 53px 0 0 0\">\t<span class=\"qodef-m-text\">Llame o env\u00ede un correo electr\u00f3nico<\/span>\t<span class=\"qodef-m-background-holder\" ><\/span><\/a>\t<\/div>\n\t<\/div>\n<\/div>\t\t<\/div>\n\t\t\t\t<\/div>\n\t\t\t\t\t<\/div>\n\t\t<\/div>\n\t\t\t\t\t\t\t<\/div>\n\t\t<\/section>\n\t\t\t\t\t\t\t<\/div>","protected":false},"excerpt":{"rendered":"<p>Promotion &amp; Offers Enjoy exclusive promotions and special offers at our hotel in Sosua, where you can indulge in a deluxe accommodations, personalized service, and unforgettable experiences at unbeatable prices. Low Season 15% Off -Minimum stay 4 nights. -Free cancellation (48h) Call or Email Long-term rental discount Unlock substantial savings with our long-term rental discounts! [&hellip;]<\/p>","protected":false},"author":1,"featured_media":0,"parent":0,"menu_order":0,"comment_status":"closed","ping_status":"closed","template":"page-full-width.php","meta":{"footnotes":""},"class_list":["post-2668","page","type-page","status-publish","hentry"],"yoast_head":"<!-- This site is optimized with the Yoast SEO plugin v21.7 - https:\/\/yoast.com\/wordpress\/plugins\/seo\/ -->\n<title>Promotions &amp; Offers - Sosua Sunset Hotel<\/title>\n<meta name=\"description\" content=\"Enjoy exclusive promotions and special offers at our hotel in Sosua. Enjoy our Swimmingpool nested within a tropical garden.\" \/>\n<meta name=\"robots\" content=\"index, follow, max-snippet:-1, max-image-preview:large, max-video-preview:-1\" \/>\n<link rel=\"canonical\" href=\"https:\/\/sosuasunsethotel.com\/es\/promotions-offers\/\" \/>\n<meta property=\"og:locale\" content=\"es_ES\" \/>\n<meta property=\"og:type\" content=\"article\" \/>\n<meta property=\"og:title\" content=\"Promotions &amp; Offers - Sosua Sunset Hotel\" \/>\n<meta property=\"og:description\" content=\"Enjoy exclusive promotions and special offers at our hotel in Sosua. Enjoy our Swimmingpool nested within a tropical garden.\" \/>\n<meta property=\"og:url\" content=\"https:\/\/sosuasunsethotel.com\/es\/promotions-offers\/\" \/>\n<meta property=\"og:site_name\" content=\"Sosua Sunset Hotel\" \/>\n<meta property=\"article:modified_time\" content=\"2023-09-28T15:05:43+00:00\" \/>\n<meta name=\"twitter:card\" content=\"summary_large_image\" \/>\n<meta name=\"twitter:label1\" content=\"Tiempo de lectura\" \/>\n\t<meta name=\"twitter:data1\" content=\"1 minuto\" \/>\n<script type=\"application\/ld+json\" class=\"yoast-schema-graph\">{\"@context\":\"https:\/\/schema.org\",\"@graph\":[{\"@type\":\"WebPage\",\"@id\":\"https:\/\/sosuasunsethotel.com\/promotions-offers\/\",\"url\":\"https:\/\/sosuasunsethotel.com\/promotions-offers\/\",\"name\":\"Promotions & Offers - Sosua Sunset Hotel\",\"isPartOf\":{\"@id\":\"https:\/\/sosuasunsethotel.com\/#website\"},\"datePublished\":\"2020-04-01T08:40:15+00:00\",\"dateModified\":\"2023-09-28T15:05:43+00:00\",\"description\":\"Enjoy exclusive promotions and special offers at our hotel in Sosua. Enjoy our Swimmingpool nested within a tropical garden.\",\"breadcrumb\":{\"@id\":\"https:\/\/sosuasunsethotel.com\/promotions-offers\/#breadcrumb\"},\"inLanguage\":\"es\",\"potentialAction\":[{\"@type\":\"ReadAction\",\"target\":[\"https:\/\/sosuasunsethotel.com\/promotions-offers\/\"]}]},{\"@type\":\"BreadcrumbList\",\"@id\":\"https:\/\/sosuasunsethotel.com\/promotions-offers\/#breadcrumb\",\"itemListElement\":[{\"@type\":\"ListItem\",\"position\":1,\"name\":\"Home\",\"item\":\"https:\/\/sosuasunsethotel.com\/\"},{\"@type\":\"ListItem\",\"position\":2,\"name\":\"Promotions &#038; Offers\"}]},{\"@type\":\"WebSite\",\"@id\":\"https:\/\/sosuasunsethotel.com\/#website\",\"url\":\"https:\/\/sosuasunsethotel.com\/\",\"name\":\"Sosua Sunset Hotel\",\"description\":\"Relax @ our tropical garden &amp; pool\",\"potentialAction\":[{\"@type\":\"SearchAction\",\"target\":{\"@type\":\"EntryPoint\",\"urlTemplate\":\"https:\/\/sosuasunsethotel.com\/?s={search_term_string}\"},\"query-input\":\"required name=search_term_string\"}],\"inLanguage\":\"es\"}]}<\/script>\n<!-- \/ Yoast SEO plugin. -->","yoast_head_json":{"title":"Promotions & Offers - Sosua Sunset Hotel","description":"Enjoy exclusive promotions and special offers at our hotel in Sosua. Enjoy our Swimmingpool nested within a tropical garden.","robots":{"index":"index","follow":"follow","max-snippet":"max-snippet:-1","max-image-preview":"max-image-preview:large","max-video-preview":"max-video-preview:-1"},"canonical":"https:\/\/sosuasunsethotel.com\/es\/promotions-offers\/","og_locale":"es_ES","og_type":"article","og_title":"Promotions & Offers - Sosua Sunset Hotel","og_description":"Enjoy exclusive promotions and special offers at our hotel in Sosua. Enjoy our Swimmingpool nested within a tropical garden.","og_url":"https:\/\/sosuasunsethotel.com\/es\/promotions-offers\/","og_site_name":"Sosua Sunset Hotel","article_modified_time":"2023-09-28T15:05:43+00:00","twitter_card":"summary_large_image","twitter_misc":{"Tiempo de lectura":"1 minuto"},"schema":{"@context":"https:\/\/schema.org","@graph":[{"@type":"WebPage","@id":"https:\/\/sosuasunsethotel.com\/promotions-offers\/","url":"https:\/\/sosuasunsethotel.com\/promotions-offers\/","name":"Promotions & Offers - Sosua Sunset Hotel","isPartOf":{"@id":"https:\/\/sosuasunsethotel.com\/#website"},"datePublished":"2020-04-01T08:40:15+00:00","dateModified":"2023-09-28T15:05:43+00:00","description":"Enjoy exclusive promotions and special offers at our hotel in Sosua. Enjoy our Swimmingpool nested within a tropical garden.","breadcrumb":{"@id":"https:\/\/sosuasunsethotel.com\/promotions-offers\/#breadcrumb"},"inLanguage":"es","potentialAction":[{"@type":"ReadAction","target":["https:\/\/sosuasunsethotel.com\/promotions-offers\/"]}]},{"@type":"BreadcrumbList","@id":"https:\/\/sosuasunsethotel.com\/promotions-offers\/#breadcrumb","itemListElement":[{"@type":"ListItem","position":1,"name":"Home","item":"https:\/\/sosuasunsethotel.com\/"},{"@type":"ListItem","position":2,"name":"Promotions &#038; Offers"}]},{"@type":"WebSite","@id":"https:\/\/sosuasunsethotel.com\/#website","url":"https:\/\/sosuasunsethotel.com\/","name":"Sosua Sunset Hotel","description":"Relax @ our tropical garden &amp; pool","potentialAction":[{"@type":"SearchAction","target":{"@type":"EntryPoint","urlTemplate":"https:\/\/sosuasunsethotel.com\/?s={search_term_string}"},"query-input":"required name=search_term_string"}],"inLanguage":"es"}]}},"_links":{"self":[{"href":"https:\/\/sosuasunsethotel.com\/es\/wp-json\/wp\/v2\/pages\/2668","targetHints":{"allow":["GET"]}}],"collection":[{"href":"https:\/\/sosuasunsethotel.com\/es\/wp-json\/wp\/v2\/pages"}],"about":[{"href":"https:\/\/sosuasunsethotel.com\/es\/wp-json\/wp\/v2\/types\/page"}],"author":[{"embeddable":true,"href":"https:\/\/sosuasunsethotel.com\/es\/wp-json\/wp\/v2\/users\/1"}],"replies":[{"embeddable":true,"href":"https:\/\/sosuasunsethotel.com\/es\/wp-json\/wp\/v2\/comments?post=2668"}],"version-history":[{"count":33,"href":"https:\/\/sosuasunsethotel.com\/es\/wp-json\/wp\/v2\/pages\/2668\/revisions"}],"predecessor-version":[{"id":8380,"href":"https:\/\/sosuasunsethotel.com\/es\/wp-json\/wp\/v2\/pages\/2668\/revisions\/8380"}],"wp:attachment":[{"href":"https:\/\/sosuasunsethotel.com\/es\/wp-json\/wp\/v2\/media?parent=2668"}],"curies":[{"name":"wp","href":"https:\/\/api.w.org\/{rel}","templated":true}]}}